{"id":14,"date":"2016-09-17T18:26:32","date_gmt":"2016-09-17T16:26:32","guid":{"rendered":"http:\/\/xn--wohlfhltraining-3vb.de\/?page_id=14"},"modified":"2024-02-07T21:34:10","modified_gmt":"2024-02-07T20:34:10","slug":"kursplan","status":"publish","type":"page","link":"https:\/\/xn--wohlfhltraining-3vb.de\/?page_id=14","title":{"rendered":"R\u00fcckenschule-, Pilates-Kurse"},"content":{"rendered":"\n<p>Zur Zeit finden keine aktuellen Kurse statt. F\u00fcr freuen uns aber Ihnen ein neues Kursangebot f\u00fcr das Jahr 2024 schon baldig anbieten zu d\u00fcrfen.<\/p>\n","protected":false},"excerpt":{"rendered":"<p>Zur Zeit finden keine aktuellen Kurse statt. F\u00fcr freuen uns aber Ihnen ein neues Kursangebot f\u00fcr das Jahr 2024 schon baldig anbieten zu d\u00fcrfen.<\/p>\n","protected":false},"author":1,"featured_media":0,"parent":0,"menu_order":0,"comment_status":"closed","ping_status":"closed","template":"","meta":{"footnotes":""},"_links":{"self":[{"href":"https:\/\/xn--wohlfhltraining-3vb.de\/index.php?rest_route=\/wp\/v2\/pages\/14"}],"collection":[{"href":"https:\/\/xn--wohlfhltraining-3vb.de\/index.php?rest_route=\/wp\/v2\/pages"}],"about":[{"href":"https:\/\/xn--wohlfhltraining-3vb.de\/index.php?rest_route=\/wp\/v2\/types\/page"}],"author":[{"embeddable":true,"href":"https:\/\/xn--wohlfhltraining-3vb.de\/index.php?rest_route=\/wp\/v2\/users\/1"}],"replies":[{"embeddable":true,"href":"https:\/\/xn--wohlfhltraining-3vb.de\/index.php?rest_route=%2Fwp%2Fv2%2Fcomments&post=14"}],"version-history":[{"count":32,"href":"https:\/\/xn--wohlfhltraining-3vb.de\/index.php?rest_route=\/wp\/v2\/pages\/14\/revisions"}],"predecessor-version":[{"id":243,"href":"https:\/\/xn--wohlfhltraining-3vb.de\/index.php?rest_route=\/wp\/v2\/pages\/14\/revisions\/243"}],"wp:attachment":[{"href":"https:\/\/xn--wohlfhltraining-3vb.de\/index.php?rest_route=%2Fwp%2Fv2%2Fmedia&parent=14"}],"curies":[{"name":"wp","href":"https:\/\/api.w.org\/{rel}","templated":true}]}}