{"id":17,"date":"2016-09-17T18:54:55","date_gmt":"2016-09-17T16:54:55","guid":{"rendered":"http:\/\/xn--wohlfhltraining-3vb.de\/?page_id=17"},"modified":"2016-09-23T17:35:28","modified_gmt":"2016-09-23T15:35:28","slug":"angebote","status":"publish","type":"page","link":"https:\/\/xn--wohlfhltraining-3vb.de\/?page_id=17","title":{"rendered":"Angebote"},"content":{"rendered":"<p><em><strong>Ihr Ziel ist mein Auftrag&#8230;<\/strong><\/em><br \/>\n<em> Mein Ziel ist es, ein Gesundheitsprogramm so zu erstellen,<\/em><br \/>\n<em> dass ein Alltag gestaltet wird und nicht ertragen!<\/em><br \/>\n<em> Motivation ist es &#8211; Wenn es Spa\u00df macht \u00fcber Gesundheit nachzudenken!<\/em><\/p>\n<p><em><strong>Ihr Alltag ist meine Gestaltungsfl\u00e4che&#8230;<br \/>\n<\/strong>Gesundheitsberatung am Arbeitsplatz<\/em><\/p>\n<p><em>Teilnehmerfrageb\u00f6gen zur Gesundheitsfrage:<\/em><br \/>\n<em> <a href=\"http:\/\/xn--wohlfhltraining-3vb.de\/wp-content\/uploads\/2016\/09\/Teilnehmer_Fragebogen.pdf\">Teilnehmer Fragebogen<\/a><\/em><\/p>\n","protected":false},"excerpt":{"rendered":"<p>Ihr Ziel ist mein Auftrag&#8230; Mein Ziel ist es, ein Gesundheitsprogramm so zu erstellen, dass ein Alltag gestaltet wird und nicht ertragen! Motivation ist es &#8211; Wenn es Spa\u00df macht \u00fcber Gesundheit nachzudenken! Ihr Alltag ist meine Gestaltungsfl\u00e4che&#8230; Gesundheitsberatung am Arbeitsplatz Teilnehmerfrageb\u00f6gen zur Gesundheitsfrage: Teilnehmer Fragebogen<\/p>\n","protected":false},"author":1,"featured_media":0,"parent":0,"menu_order":0,"comment_status":"closed","ping_status":"closed","template":"page-templates\/full-width.php","meta":{"footnotes":""},"_links":{"self":[{"href":"https:\/\/xn--wohlfhltraining-3vb.de\/index.php?rest_route=\/wp\/v2\/pages\/17"}],"collection":[{"href":"https:\/\/xn--wohlfhltraining-3vb.de\/index.php?rest_route=\/wp\/v2\/pages"}],"about":[{"href":"https:\/\/xn--wohlfhltraining-3vb.de\/index.php?rest_route=\/wp\/v2\/types\/page"}],"author":[{"embeddable":true,"href":"https:\/\/xn--wohlfhltraining-3vb.de\/index.php?rest_route=\/wp\/v2\/users\/1"}],"replies":[{"embeddable":true,"href":"https:\/\/xn--wohlfhltraining-3vb.de\/index.php?rest_route=%2Fwp%2Fv2%2Fcomments&post=17"}],"version-history":[{"count":8,"href":"https:\/\/xn--wohlfhltraining-3vb.de\/index.php?rest_route=\/wp\/v2\/pages\/17\/revisions"}],"predecessor-version":[{"id":180,"href":"https:\/\/xn--wohlfhltraining-3vb.de\/index.php?rest_route=\/wp\/v2\/pages\/17\/revisions\/180"}],"wp:attachment":[{"href":"https:\/\/xn--wohlfhltraining-3vb.de\/index.php?rest_route=%2Fwp%2Fv2%2Fmedia&parent=17"}],"curies":[{"name":"wp","href":"https:\/\/api.w.org\/{rel}","templated":true}]}}