{"id":2,"date":"2016-02-03T04:08:41","date_gmt":"2016-02-03T04:08:41","guid":{"rendered":"http:\/\/wp442m.a10-52-158-154.qa.plesk.ru\/wordpress\/?page_id=2"},"modified":"2016-09-29T12:53:56","modified_gmt":"2016-09-29T10:53:56","slug":"sample-page","status":"publish","type":"page","link":"https:\/\/xn--wohlfhltraining-3vb.de\/","title":{"rendered":"Startseite"},"content":{"rendered":"<p><strong>Hier werden Sie vitaler,\u00a0beweglicher\u00a0und frischer!<\/strong><\/p>\n<p><strong><em>Sie w\u00fcnschen sich:<\/em><\/strong><br \/>\n<em> &#8211; ein positives K\u00f6rpergef\u00fchl<\/em><br \/>\n<em> &#8211; mehr Bewegung<\/em><br \/>\n<em> &#8211; dem Alltag fit begegnen<\/em><\/p>\n<p><strong><em>Sie brauchen:<\/em><\/strong><br \/>\n<em> &#8211; eine gute Haltung<\/em><br \/>\n<em> &#8211; Movitation in der Gruppe<\/em><br \/>\n<em> &#8211; einen starken R\u00fccken<\/em><\/p>\n","protected":false},"excerpt":{"rendered":"<p>Hier werden Sie vitaler,\u00a0beweglicher\u00a0und frischer! Sie w\u00fcnschen sich: &#8211; ein positives K\u00f6rpergef\u00fchl &#8211; mehr Bewegung &#8211; dem Alltag fit begegnen Sie brauchen: &#8211; eine gute Haltung &#8211; Movitation in der Gruppe &#8211; einen starken R\u00fccken<\/p>\n","protected":false},"author":1,"featured_media":0,"parent":0,"menu_order":0,"comment_status":"closed","ping_status":"open","template":"","meta":{"footnotes":""},"_links":{"self":[{"href":"https:\/\/xn--wohlfhltraining-3vb.de\/index.php?rest_route=\/wp\/v2\/pages\/2"}],"collection":[{"href":"https:\/\/xn--wohlfhltraining-3vb.de\/index.php?rest_route=\/wp\/v2\/pages"}],"about":[{"href":"https:\/\/xn--wohlfhltraining-3vb.de\/index.php?rest_route=\/wp\/v2\/types\/page"}],"author":[{"embeddable":true,"href":"https:\/\/xn--wohlfhltraining-3vb.de\/index.php?rest_route=\/wp\/v2\/users\/1"}],"replies":[{"embeddable":true,"href":"https:\/\/xn--wohlfhltraining-3vb.de\/index.php?rest_route=%2Fwp%2Fv2%2Fcomments&post=2"}],"version-history":[{"count":15,"href":"https:\/\/xn--wohlfhltraining-3vb.de\/index.php?rest_route=\/wp\/v2\/pages\/2\/revisions"}],"predecessor-version":[{"id":185,"href":"https:\/\/xn--wohlfhltraining-3vb.de\/index.php?rest_route=\/wp\/v2\/pages\/2\/revisions\/185"}],"wp:attachment":[{"href":"https:\/\/xn--wohlfhltraining-3vb.de\/index.php?rest_route=%2Fwp%2Fv2%2Fmedia&parent=2"}],"curies":[{"name":"wp","href":"https:\/\/api.w.org\/{rel}","templated":true}]}}