{"id":30,"date":"2016-09-17T19:18:23","date_gmt":"2016-09-17T17:18:23","guid":{"rendered":"http:\/\/xn--wohlfhltraining-3vb.de\/?page_id=30"},"modified":"2024-02-07T17:15:48","modified_gmt":"2024-02-07T16:15:48","slug":"referenzen","status":"publish","type":"page","link":"https:\/\/xn--wohlfhltraining-3vb.de\/?page_id=30","title":{"rendered":"Referenzen"},"content":{"rendered":"<p><strong>Braunschweig von 2005 bis 2015<\/strong><\/p>\n<ul>\n<li><em>seit 2006 bis heute R\u00fcckenschule (AOK)<\/em>\n<ul>\n<li><em><a href=\"http:\/\/xn--wohlfhltraining-3vb.de\/wp-content\/uploads\/2016\/08\/AOKQul.Zeugnis.pdf\">Bescheinigung \u00fcber Honorart\u00e4tigkeit bei der AOK Niedersachsen Braunschweig<\/a><\/em><\/li>\n<\/ul>\n<\/li>\n<li><em>seit 2010 bis heute Pilates (AOK)<\/em><\/li>\n<li><em>Aktion 2010 Vortr\u00e4ge zum Thema &#8222;Richtig starten -Richtig laufen&#8220;<\/em><\/li>\n<li><em>BFW seit 2007 bis 2015 &#8222;Avantigruppe&#8220; Berufsf\u00f6rderungswerk Goslar<\/em>\n<ul>\n<li><em><a href=\"http:\/\/xn--wohlfhltraining-3vb.de\/wp-content\/uploads\/2016\/09\/BfWQualif.Zeug-001.pdf\">Qualifiziertes Arbeitszeugnis BFW Goslar<\/a><\/em><\/li>\n<li>DRK 2005 bis 2010 Seniorengymnastik<\/li>\n<\/ul>\n<\/li>\n<li><em>VHS 2007 bis 2013 Powergymnastik, Ausgleichsgymnastik, Pilates<\/em><\/li>\n<li><em>Siemens 2012 bis 2014 &#8222;Studio Active&#8220;<\/em>\n<ul>\n<li><em>Einweisung der Mitarbeiter an den Milonzirkel<\/em><\/li>\n<li><em>Gesundheitsf\u00f6rderung an Arbeitsplatz<\/em><\/li>\n<li><em>Stretching f\u00fcr Mitarbeiter<\/em><\/li>\n<\/ul>\n<\/li>\n<\/ul>\n<p>Vertrag AOK geschlossen (Rahmenvereinbarung seit 09.06.2016)<br \/>\n<a href=\"https:\/\/www.zentrale-pruefstelle-praevention.de\/admin\/\">Kundenseite<\/a><\/p>\n<p><strong>Heute<\/strong><\/p>\n<ul>\n<li><em>seit 01.07.2016 angestellt in der Sonnenbergklinik (Bad Sooden-Allendorf)<\/em><\/li>\n<\/ul>\n<h4>Planung<\/h4>\n<ul>\n<li>\u00a0Ergonomie am Arbeitsplatz<\/li>\n<\/ul>\n<p><em>Hann.M\u00fcnden, den 07.02.2024<\/em><\/p>\n","protected":false},"excerpt":{"rendered":"<p>Braunschweig von 2005 bis 2015 seit 2006 bis heute R\u00fcckenschule (AOK) Bescheinigung \u00fcber Honorart\u00e4tigkeit bei der AOK Niedersachsen Braunschweig seit 2010 bis heute Pilates (AOK) Aktion 2010 Vortr\u00e4ge zum Thema &#8222;Richtig starten -Richtig laufen&#8220; BFW seit 2007 bis 2015 &#8222;Avantigruppe&#8220; Berufsf\u00f6rderungswerk Goslar Qualifiziertes Arbeitszeugnis BFW Goslar DRK 2005 bis 2010 Seniorengymnastik VHS 2007 bis 2013 [&hellip;]<\/p>\n","protected":false},"author":1,"featured_media":0,"parent":0,"menu_order":0,"comment_status":"closed","ping_status":"closed","template":"","meta":{"footnotes":""},"_links":{"self":[{"href":"https:\/\/xn--wohlfhltraining-3vb.de\/index.php?rest_route=\/wp\/v2\/pages\/30"}],"collection":[{"href":"https:\/\/xn--wohlfhltraining-3vb.de\/index.php?rest_route=\/wp\/v2\/pages"}],"about":[{"href":"https:\/\/xn--wohlfhltraining-3vb.de\/index.php?rest_route=\/wp\/v2\/types\/page"}],"author":[{"embeddable":true,"href":"https:\/\/xn--wohlfhltraining-3vb.de\/index.php?rest_route=\/wp\/v2\/users\/1"}],"replies":[{"embeddable":true,"href":"https:\/\/xn--wohlfhltraining-3vb.de\/index.php?rest_route=%2Fwp%2Fv2%2Fcomments&post=30"}],"version-history":[{"count":24,"href":"https:\/\/xn--wohlfhltraining-3vb.de\/index.php?rest_route=\/wp\/v2\/pages\/30\/revisions"}],"predecessor-version":[{"id":225,"href":"https:\/\/xn--wohlfhltraining-3vb.de\/index.php?rest_route=\/wp\/v2\/pages\/30\/revisions\/225"}],"wp:attachment":[{"href":"https:\/\/xn--wohlfhltraining-3vb.de\/index.php?rest_route=%2Fwp%2Fv2%2Fmedia&parent=30"}],"curies":[{"name":"wp","href":"https:\/\/api.w.org\/{rel}","templated":true}]}}