{"id":46,"date":"2016-09-17T18:48:10","date_gmt":"2016-09-17T16:48:10","guid":{"rendered":"http:\/\/xn--wohlfhltraining-3vb.de\/?page_id=46"},"modified":"2024-02-07T17:18:10","modified_gmt":"2024-02-07T16:18:10","slug":"kontakt","status":"publish","type":"page","link":"https:\/\/xn--wohlfhltraining-3vb.de\/?page_id=46","title":{"rendered":"Kontakt"},"content":{"rendered":"<p><strong>Angela Trautmann<a href=\"http:\/\/xn--wohlfhltraining-3vb.de\/?attachment_id=6\" rel=\"attachment wp-att-6\"><img decoding=\"async\" loading=\"lazy\" class=\"size-medium wp-image-6 alignright\" src=\"http:\/\/xn--wohlfhltraining-3vb.de\/wp-content\/uploads\/2016\/07\/cropped-Ballettfoto-220x300.jpg\" alt=\"cropped-Ballettfoto.jpg\" width=\"220\" height=\"300\" srcset=\"https:\/\/xn--wohlfhltraining-3vb.de\/wp-content\/uploads\/2016\/07\/cropped-Ballettfoto-220x300.jpg 220w, https:\/\/xn--wohlfhltraining-3vb.de\/wp-content\/uploads\/2016\/07\/cropped-Ballettfoto-768x1047.jpg 768w, https:\/\/xn--wohlfhltraining-3vb.de\/wp-content\/uploads\/2016\/07\/cropped-Ballettfoto-751x1024.jpg 751w, https:\/\/xn--wohlfhltraining-3vb.de\/wp-content\/uploads\/2016\/07\/cropped-Ballettfoto.jpg 954w\" sizes=\"(max-width: 220px) 100vw, 220px\" \/><\/a><\/strong><br \/>\n<em>Sport und Gymnastiklehrerin<\/em><br \/>\n<em> R\u00fcckenschullehrerin<\/em><br \/>\n<em> Physiotherapeutin in der Pr\u00e4vention<br \/>\n<\/em><br \/>\n<em> B\u00fcrozeiten\/Erreichbarkeit:<\/em><br \/>\n<em> ab 17.00 Uhr &#8211; 20.00 Uhr<\/em><\/p>\n<p><em>Festnetz: 05541 &#8211; 5710<\/em><br \/>\n<em> Handy: \u00a0 0170 &#8211; 7347789<\/em><br \/>\n<em> E-Mail: \u00a0 <a href=\"mailto:Angela.Talbot@web.de\">Angela.Talbot@web.de<\/a><\/em><\/p>\n<p><em>\u00a0<\/em><\/p>\n","protected":false},"excerpt":{"rendered":"<p>Angela Trautmann Sport und Gymnastiklehrerin R\u00fcckenschullehrerin Physiotherapeutin in der Pr\u00e4vention B\u00fcrozeiten\/Erreichbarkeit: ab 17.00 Uhr &#8211; 20.00 Uhr Festnetz: 05541 &#8211; 5710 Handy: \u00a0 0170 &#8211; 7347789 E-Mail: \u00a0 Angela.Talbot@web.de \u00a0<\/p>\n","protected":false},"author":1,"featured_media":0,"parent":0,"menu_order":0,"comment_status":"closed","ping_status":"closed","template":"","meta":{"footnotes":""},"_links":{"self":[{"href":"https:\/\/xn--wohlfhltraining-3vb.de\/index.php?rest_route=\/wp\/v2\/pages\/46"}],"collection":[{"href":"https:\/\/xn--wohlfhltraining-3vb.de\/index.php?rest_route=\/wp\/v2\/pages"}],"about":[{"href":"https:\/\/xn--wohlfhltraining-3vb.de\/index.php?rest_route=\/wp\/v2\/types\/page"}],"author":[{"embeddable":true,"href":"https:\/\/xn--wohlfhltraining-3vb.de\/index.php?rest_route=\/wp\/v2\/users\/1"}],"replies":[{"embeddable":true,"href":"https:\/\/xn--wohlfhltraining-3vb.de\/index.php?rest_route=%2Fwp%2Fv2%2Fcomments&post=46"}],"version-history":[{"count":10,"href":"https:\/\/xn--wohlfhltraining-3vb.de\/index.php?rest_route=\/wp\/v2\/pages\/46\/revisions"}],"predecessor-version":[{"id":226,"href":"https:\/\/xn--wohlfhltraining-3vb.de\/index.php?rest_route=\/wp\/v2\/pages\/46\/revisions\/226"}],"wp:attachment":[{"href":"https:\/\/xn--wohlfhltraining-3vb.de\/index.php?rest_route=%2Fwp%2Fv2%2Fmedia&parent=46"}],"curies":[{"name":"wp","href":"https:\/\/api.w.org\/{rel}","templated":true}]}}